{"id":260,"date":"2023-08-22T16:44:36","date_gmt":"2023-08-22T14:44:36","guid":{"rendered":"https:\/\/valleedeslarmes.noblogs.org\/?page_id=260"},"modified":"2024-01-24T02:11:48","modified_gmt":"2024-01-24T01:11:48","slug":"histoire-memoire-cinema","status":"publish","type":"page","link":"https:\/\/valleedeslarmes.noblogs.org\/?page_id=260","title":{"rendered":"Histoire, m\u00e9moire, cin\u00e9ma"},"content":{"rendered":"<p style=\"text-align: left\"><em>On propose ici une liste de textes\/vid\u00e9os\/sons qui nous ont marqu\u00e9s en lien avec l&rsquo;histoire, la m\u00e9moire et\/ou le cin\u00e9ma. Pas uniquement des trucs anar.<\/em><\/p>\n<p style=\"text-align: left\"><em>Clique sur les liens pour trouver ces ressources en int\u00e9gralit\u00e9 en ligne.<\/em><\/p>\n<p>\u00b0brochures\/articles:<\/p>\n<ul>\n<li>\u00ab\u00a0<a href=\"https:\/\/ddt21.noblogs.org\/?page_id=1769\">Explosons les codes sexuels<\/a>\u00ab\u00a0, entretien de Lola Miesseroff, tir\u00e9 de la s\u00e9rie d&rsquo;articles de Giles Dauv\u00e9 <a href=\"https:\/\/ddt21.noblogs.org\/?page_id=1116\">\u00ab\u00a0Homo\u00a0\u00bb<\/a>, ddt21 (\u00e9dit\u00e9s en livres par niet!\u00e9dition)<\/li>\n<\/ul>\n<p>\u00b0films:<\/p>\n<ul>\n<li>les films des groupes Medvedkine. 1967-1974 (quelques uns sont en ligne comme <a href=\"https:\/\/www.youtube.com\/watch?v=46b03txc46g\">ici<\/a>, <a href=\"https:\/\/www.youtube.com\/watch?v=yT4QIccd2r8\">ici<\/a> ou <a href=\"https:\/\/www.youtube.com\/watch?v=P1jdhH0d35Q\">l\u00e0<\/a>)<\/li>\n<li><a href=\"https:\/\/video.antopie.org\/w\/1ab2b26a-0a9b-4918-aa01-f56903543314\">Regarde elle a les yeux grand ouverts<\/a>. Carole Roussopoulos. 1980<\/li>\n<li>Le FHAR (Front homosexuel d&rsquo;action r\u00e9volutionnaire). Carole Roussopoulos. 1970<\/li>\n<li><a href=\"https:\/\/lesymbiote.noblogs.org\/les-lascars-du-lep-electronique-vf-53min-1986\/\">Les lascars du lep electronique<\/a>. 1986<\/li>\n<li><a href=\"https:\/\/horscine.org\/selection\/luttes-locales-face-a-lindustrie-nucleaire\/\">Le dossier Plogoff<\/a>. Fran\u00e7ois Jacquemain. 1980<\/li>\n<\/ul>\n<p>\u00b0romans historiques:<\/p>\n<ul>\n<li>Sans patrie ni fronti\u00e8re. Jan Valtin.<\/li>\n<li>La m\u00e9moire des vaincus. Michel Ragon. 1990<\/li>\n<li>L&rsquo;art de perdre. Alice Zeniter. 2017<\/li>\n<li>Lettres d&rsquo;insurg\u00e9-e-s. Tome 1 et 2. Sophia Nachalo et Yarostan Vochek [Freddy Perlman]. 1976. traduit par BusStopPress (distro uniquement)<\/li>\n<li>L&rsquo;archipel du goulag. Alexandre Soljenitsyne. 1973<\/li>\n<li>La condition humaine. Andr\u00e9 Malraux. 1946<\/li>\n<li>le gang de la clef \u00e0 molette. Edward Abbey. 1975<\/li>\n<li>Le p\u00e9riple de Baddassare. Amin Maalouf.<\/li>\n<li>R\u00e9volt\u00e9e. Evgu\u00e9nia Iaroslavska\u00efa-Markon. 1931<\/li>\n<li>Le nom de la rose. Umberto Eco. 1980<\/li>\n<li>Fille \u00e0 p\u00e9d\u00e9. Lola Miesseroff. 2019<\/li>\n<\/ul>\n<p>\u00b0essais sur l&rsquo;histoire par des militant-es:<\/p>\n<ul>\n<li>Contre le Leviathan, contre sa l\u00e9gende. Freddy Perlman. 1983<\/li>\n<li>Vivre vite de l&rsquo;autre c\u00f4t\u00e9 du mur, punks et anarchistes en ex-Allemagne de l&rsquo;Est. Mutines S\u00e9ditions.<\/li>\n<li>Staline. Boris Souvarine. Champ Libre. 1977<\/li>\n<\/ul>\n<p>\u00b0essais sur l&rsquo;histoire par des chercheureuses universitaires:<\/p>\n<ul>\n<li>Nouvelle histoire de l&rsquo;islam, VIIe-XXIe si\u00e8cle. John Tolan. 2022<\/li>\n<li>La guerre du Cameroun, l\u2019invention de la Fran\u00e7afrique (1948-1971). Tatsitsa, Deltombe, Domergue. 2016<a href=\"https:\/\/www.calameo.com\/read\/0002150228c893d64bcaa\"> [extrait]<\/a><\/li>\n<li>Les d\u00e9buts de l\u2019Islam, Jalons pour une nouvelle histoire. Fran\u00e7oise Micheau. Paris. 2012.<\/li>\n<\/ul>\n<p>sites internet:<\/p>\n<ul>\n<li><a href=\"https:\/\/www.youtube.com\/@Herodotcom\/videos\">Herodot&rsquo;com<\/a><\/li>\n<li><a href=\"https:\/\/www.youtube.com\/@jacqueline-chabbi\">Jacqueline Chabbi &#8211; Les mots du Coran<\/a><\/li>\n<li><a href=\"http:\/\/www.gimenologues.org\/\">Les Gimenologues<\/a> (guerre d&rsquo;Espagne et anti-franquisme)<\/li>\n<\/ul>\n<p>&nbsp;<\/p>\n","protected":false},"excerpt":{"rendered":"<p>On propose ici une liste de textes\/vid\u00e9os\/sons qui nous ont marqu\u00e9s en lien avec l&rsquo;histoire, la m\u00e9moire et\/ou le cin\u00e9ma. Pas uniquement des trucs anar. Clique sur les liens pour trouver ces ressources en int\u00e9gralit\u00e9 en ligne. \u00b0brochures\/articles: \u00ab\u00a0Explosons les codes sexuels\u00ab\u00a0, entretien de Lola Miesseroff, tir\u00e9 de la s\u00e9rie d&rsquo;articles de Giles Dauv\u00e9 \u00ab\u00a0Homo\u00a0\u00bb,<a class=\"more-link\" href=\"https:\/\/valleedeslarmes.noblogs.org\/?page_id=260\">Continue reading <span class=\"screen-reader-text\">\u00ab\u00a0Histoire, m\u00e9moire, cin\u00e9ma\u00a0\u00bb<\/span><\/a><\/p>\n","protected":false},"author":19294,"featured_media":0,"parent":0,"menu_order":0,"comment_status":"closed","ping_status":"closed","template":"","meta":{"footnotes":""},"class_list":["post-260","page","type-page","status-publish","hentry","entry"],"_links":{"self":[{"href":"https:\/\/valleedeslarmes.noblogs.org\/index.php?rest_route=\/wp\/v2\/pages\/260","targetHints":{"allow":["GET"]}}],"collection":[{"href":"https:\/\/valleedeslarmes.noblogs.org\/index.php?rest_route=\/wp\/v2\/pages"}],"about":[{"href":"https:\/\/valleedeslarmes.noblogs.org\/index.php?rest_route=\/wp\/v2\/types\/page"}],"author":[{"embeddable":true,"href":"https:\/\/valleedeslarmes.noblogs.org\/index.php?rest_route=\/wp\/v2\/users\/19294"}],"replies":[{"embeddable":true,"href":"https:\/\/valleedeslarmes.noblogs.org\/index.php?rest_route=%2Fwp%2Fv2%2Fcomments&post=260"}],"version-history":[{"count":9,"href":"https:\/\/valleedeslarmes.noblogs.org\/index.php?rest_route=\/wp\/v2\/pages\/260\/revisions"}],"predecessor-version":[{"id":444,"href":"https:\/\/valleedeslarmes.noblogs.org\/index.php?rest_route=\/wp\/v2\/pages\/260\/revisions\/444"}],"wp:attachment":[{"href":"https:\/\/valleedeslarmes.noblogs.org\/index.php?rest_route=%2Fwp%2Fv2%2Fmedia&parent=260"}],"curies":[{"name":"wp","href":"https:\/\/api.w.org\/{rel}","templated":true}]}}