{"id":250,"date":"2023-08-22T15:40:45","date_gmt":"2023-08-22T13:40:45","guid":{"rendered":"https:\/\/valleedeslarmes.noblogs.org\/?page_id=250"},"modified":"2023-09-10T16:07:12","modified_gmt":"2023-09-10T14:07:12","slug":"agisme-enfance-famille","status":"publish","type":"page","link":"https:\/\/valleedeslarmes.noblogs.org\/?page_id=250","title":{"rendered":"\u00c2gisme, enfance, famille"},"content":{"rendered":"<p>\u00b0podcast<\/p>\n<ul>\n<li>S\u00e9rie radiophonique \u00ab\u00a0Grandir\u00a0\u00bb. Chapitre<a href=\"https:\/\/www.cases-rebelles.org\/emission-n65\/\"> 1<\/a>,<a href=\"https:\/\/www.cases-rebelles.org\/episode-n86\/\"> 2<\/a> et<a href=\"https:\/\/www.cases-rebelles.org\/episode-n103\/\"> 3<\/a>. Cases rebelles.<\/li>\n<li>S\u00e9rie radiophonique \u00ab\u00a0Nos m\u00e8res\u00a0\u00bb. Volet <a href=\"https:\/\/www.radiorageuses.net\/spip.php?article1132\">1<\/a> et <a href=\"https:\/\/www.radiorageuses.net\/spip.php?article1218\">2.<\/a><\/li>\n<li><a href=\"https:\/\/www.radiorageuses.net\/spip.php?article1424\">Je ne serai pas m\u00e8re ou d\u00e9sirer ne pas faire d\u2019enfant<\/a>. D\u00e9genr\u00e9-e<\/li>\n<li>Le mouvement pro-p\u00e9dophilie des ann\u00e9es 1970, stade gauchiste de la domination adulte [avec Piterbraut-Merx]. Sortir du patriarcapitalisme. janvier 2020.<\/li>\n<\/ul>\n<p>\u00b0brochures\/articles<\/p>\n<ul>\n<li><a href=\"https:\/\/pdlarevue.wordpress.com\/category\/n4-nos-enfances\/\">Nos enfances<\/a>. th\u00e8me de &lsquo;PD la revue&rsquo; n\u00b04. Printemps 2022<\/li>\n<\/ul>\n<p>\u00b0s\u00e9rie\/film:<\/p>\n<ul>\n<li>\u00ab\u00a0Faire famille\u00a0\u00bb. Saison 3 de la s\u00e9rie \u00ab\u00a0Oc\u00e9an\u00a0\u00bb. France.tv<\/li>\n<li>Une histoire \u00e0 soi. Amandine Gay. 2021<\/li>\n<li>Retour \u00e0 reims [FRAGMENTS]. Jean-Gabriel P\u00e9riot. 2021<\/li>\n<\/ul>\n<p>\u00b0romans<\/p>\n<ul>\n<li>La b\u00e2tarde. Violette Leduc. 1964<\/li>\n<li>Harlem Quartet. James Baldwin. 1978<\/li>\n<li>La conversion. James Baldwin. 1953<\/li>\n<li>Moi, Jean Gabin. Goliarda Sapienza. 2010<\/li>\n<li>Contours du jour qui vient. Leonora Miano. 2006<\/li>\n<li>N&rsquo;appartenir. Karim Misk\u00e9. chez Viviane Hamy. 2015 <a href=\"\/Users\/eve-m\/Downloads\/extrait_-_n_appartenir-1.pdf\">[extrait]<\/a><\/li>\n<li>L&rsquo;\u00e9t\u00e9 meurtrier. S\u00e9bastien Japrisot. 1977<\/li>\n<li>La honte. Annie Ernaux. 1997<\/li>\n<\/ul>\n<p>\u00b0essais:<\/p>\n<ul>\n<li>A l&rsquo;enfant que je n&rsquo;aurai pas. Linda l\u00ea. 2011<\/li>\n<li>No! Against adult supremacy. Anthology. Stinney Distro &amp; Active Distribution. 2016. [ENG] en zines <a href=\"https:\/\/stinneydistro.wordpress.com\/index\/\">ici<\/a> et <a href=\"https:\/\/stinneydistro.wordpress.com\/toolkit\/\">l\u00e0<\/a>.<\/li>\n<\/ul>\n<p>\u00b0litt\u00e9rature jeunesse:<\/p>\n<ul>\n<li>Comme un million de papillons noirs. Laura Nsafou et Barbara Brun. Cambourakis. 2018<\/li>\n<\/ul>\n<p>&nbsp;<\/p>\n","protected":false},"excerpt":{"rendered":"<p>\u00b0podcast S\u00e9rie radiophonique \u00ab\u00a0Grandir\u00a0\u00bb. Chapitre 1, 2 et 3. Cases rebelles. S\u00e9rie radiophonique \u00ab\u00a0Nos m\u00e8res\u00a0\u00bb. Volet 1 et 2. Je ne serai pas m\u00e8re ou d\u00e9sirer ne pas faire d\u2019enfant. D\u00e9genr\u00e9-e Le mouvement pro-p\u00e9dophilie des ann\u00e9es 1970, stade gauchiste de la domination adulte [avec Piterbraut-Merx]. Sortir du patriarcapitalisme. janvier 2020. \u00b0brochures\/articles Nos enfances. th\u00e8me de<a class=\"more-link\" href=\"https:\/\/valleedeslarmes.noblogs.org\/?page_id=250\">Continue reading <span class=\"screen-reader-text\">\u00ab\u00a0\u00c2gisme, enfance, famille\u00a0\u00bb<\/span><\/a><\/p>\n","protected":false},"author":19294,"featured_media":0,"parent":0,"menu_order":0,"comment_status":"closed","ping_status":"closed","template":"","meta":{"footnotes":""},"class_list":["post-250","page","type-page","status-publish","hentry","entry"],"_links":{"self":[{"href":"https:\/\/valleedeslarmes.noblogs.org\/index.php?rest_route=\/wp\/v2\/pages\/250","targetHints":{"allow":["GET"]}}],"collection":[{"href":"https:\/\/valleedeslarmes.noblogs.org\/index.php?rest_route=\/wp\/v2\/pages"}],"about":[{"href":"https:\/\/valleedeslarmes.noblogs.org\/index.php?rest_route=\/wp\/v2\/types\/page"}],"author":[{"embeddable":true,"href":"https:\/\/valleedeslarmes.noblogs.org\/index.php?rest_route=\/wp\/v2\/users\/19294"}],"replies":[{"embeddable":true,"href":"https:\/\/valleedeslarmes.noblogs.org\/index.php?rest_route=%2Fwp%2Fv2%2Fcomments&post=250"}],"version-history":[{"count":8,"href":"https:\/\/valleedeslarmes.noblogs.org\/index.php?rest_route=\/wp\/v2\/pages\/250\/revisions"}],"predecessor-version":[{"id":299,"href":"https:\/\/valleedeslarmes.noblogs.org\/index.php?rest_route=\/wp\/v2\/pages\/250\/revisions\/299"}],"wp:attachment":[{"href":"https:\/\/valleedeslarmes.noblogs.org\/index.php?rest_route=%2Fwp%2Fv2%2Fmedia&parent=250"}],"curies":[{"name":"wp","href":"https:\/\/api.w.org\/{rel}","templated":true}]}}