{"id":202,"date":"2023-08-21T01:30:34","date_gmt":"2023-08-20T23:30:34","guid":{"rendered":"https:\/\/valleedeslarmes.noblogs.org\/?page_id=202"},"modified":"2023-09-10T16:38:39","modified_gmt":"2023-09-10T14:38:39","slug":"genre-sexualite-patriarcat","status":"publish","type":"page","link":"https:\/\/valleedeslarmes.noblogs.org\/?page_id=202","title":{"rendered":"Genre, sexualit\u00e9, patriarcat"},"content":{"rendered":"<p style=\"text-align: left\">On propose ici une liste de textes\/vid\u00e9os\/sons qui nous ont marqu\u00e9s en lien avec le genre, la sexualit\u00e9 et\/ou le patriarcat. Pas uniquement des trucs anar.<\/p>\n<p style=\"text-align: left\">Clique sur les liens pour trouver ces ressources en int\u00e9gralit\u00e9 en ligne.<\/p>\n<p>&nbsp;<\/p>\n<p>\u00b0brochures\/articles:<\/p>\n<ul>\n<li><a href=\"https:\/\/infokiosques.net\/spip.php?article1612\">Le dilemme de Cologne<\/a>. Quel espace politique pour les femmes racis\u00e9es ?. M\u00e9lusine. 2017<\/li>\n<li><a href=\"https:\/\/infokiosques.net\/spip.php?article1067\">\u00ab\u00a0Le consentement&#8230;un truc de p\u00e9d\u00e9 ?<\/a> Le consentement explicite pour les gar\u00e7ons qui couchent avec des gar\u00e7ons\u00a0\u00bb, Riotfag Nikita, ao\u00fbt 2013, traduction.<\/li>\n<li><a href=\"https:\/\/paranormaltabou.wordpress.com\/category\/paranormal-tabou-et-autres-textes\/\">Paranormal Tabou<\/a>, collectif,\u00a0 2012<\/li>\n<li><a href=\"https:\/\/deuxdoigtsdanslamarge.wordpress.com\/2012\/07\/23\/chroniques-du-bord-de-lamer\/\">\u00ab\u00a0Chroniques du bord de l\u2019amer\u00a0\u00bb<\/a>, anonyme, sur Deux doigts dans la marge<em>, <\/em>2012<\/li>\n<li><a href=\"https:\/\/remuernotremerde.poivron.org\/?p=27\">A la conqu\u00eate d&rsquo;H\u00e9t\u00e9roland<\/a>, collectif, TPG boulets \u00e9ditions, 2008 [<a href=\"https:\/\/radiosaintaffrique.com\/emissions\/radiokiosques\/Radiokiosques_9-3711\">brochure lue<\/a>]<\/li>\n<li><a href=\"https:\/\/www.infokiosques.net\/spip.php?article1524\">Si l\u2019on ne na\u00eet pas femme&#8230; Quels sont les r\u00f4les de la m\u00e9decine dans la fabrique d\u2019individus de genre f\u00e9minin ?<\/a> Anonyme. Sans Rem\u00e8de<\/li>\n<li><a href=\"https:\/\/tardigrada.noblogs.org\/?p=1943\">Enlever son st\u00e9rilet soi-m\u00eame a la maison, c\u2019est possible!<\/a>, taradigrada.noblogs.org<\/li>\n<li>Les pieds dans le plat n\u00b01 et 2 (distro uniquement)<\/li>\n<li><a href=\"https:\/\/ddt21.noblogs.org\/?page_id=1769\">Explosons des codes sexuels, une ancienne du FHAR parle<\/a>. entretien avec Lola Miesseroff. DDT21. 2017<\/li>\n<li><a href=\"https:\/\/tarage.noblogs.org\/la-repartition-des-taches-entre-les-femmes-et-les-hommes-dans-le-travail-de-la-conversation-corinne-monnet\/\">La r\u00e9partition des t\u00e2ches entre les femmes et les hommes dans le travail de la conversation<\/a>. Corinne Monet. Nouvelles questions f\u00e9ministes. 1998<\/li>\n<\/ul>\n<p>\u00b0sites\/collectifs:<\/p>\n<ul>\n<li><a href=\"https:\/\/remuernotremerde.poivron.org\/\">Remuer notre merde<\/a>, biblioth\u00e8que homme et patriarcat<\/li>\n<li><a href=\"https:\/\/www.collectif-fracas.com\/?092236a7_page=3\">Fracas, collectif queer et f\u00e9ministe d&rsquo;aide \u00e0 la gestion de conflits<\/a><\/li>\n<li><a href=\"https:\/\/www.radiorageuses.net\">Radiorageuses,<\/a> une n\u00e9buleuse d&rsquo;\u00e9mission de meufs, de gouines, de trans et de femmes<\/li>\n<li><a href=\"https:\/\/baedanfr.noblogs.org\/\">Baedan<\/a>, traduction de la revue nihiliste du genre<\/li>\n<li><a href=\"https:\/\/www.youtube.com\/@ContraPoints\/videos\">Contrapoints<\/a>, cha\u00eene youtube de th\u00e9orie f\u00e9ministe critique en anglais (souvent sous-titr\u00e9 en fran\u00e7ais)<\/li>\n<li>Le site <a href=\"https:\/\/trrransgrrrls.wordpress.com\/\">transgrrrls<\/a><\/li>\n<\/ul>\n<p>\u00b0podcasts:<\/p>\n<ul>\n<li><a href=\"https:\/\/www.radiorageuses.net\/spip.php?article1400\">Le patriarcat nous latte aussi la gueule<\/a> (critiques de la mixit\u00e9 choisie sans mecs cis), 2021<\/li>\n<li><a href=\"http:\/\/sortirducapitalisme.fr\/category\/sortir-du-patriarcapitalisme\/\">Sortir du patriarcapitalisme<\/a>, \u00e9mission mensuelle diffus\u00e9e sur <a href=\"https:\/\/spectremedia.org\/\">Spectre<\/a><\/li>\n<li><a href=\"https:\/\/www.radiorageuses.net\/spip.php?article434\">Un concept, une th\u00e9orie : LA RENVERSIONITE !!<\/a> par l&rsquo;\u00e9mission D\u00e9genr\u00e9-e, radio campus Grenoble<\/li>\n<li><a href=\"https:\/\/www.radiorageuses.net\/spip.php?article142\">La misogynie en fait c\u2019est quoi ?<\/a> On est pas des cadeaux. Radio Canut, Lyon. 2011<\/li>\n<li><a href=\"https:\/\/www.radiorageuses.net\/spip.php?article42\">La transphobie ordinaire<\/a>.\u00a0 On est pas des cadeaux. Radio Canut, Lyon. 2009<\/li>\n<\/ul>\n<p>&nbsp;<\/p>\n<p>\u00b0essais:<\/p>\n<ul>\n<li><a href=\"https:\/\/valleedeslarmes.noblogs.org\/files\/2023\/08\/Monique-Wittig-La-Pensee-Straight-ouvrage.pdf\">La pens\u00e9e straigh<\/a>t, Monique Wittig, 1978 (particuli\u00e8rement les 2 premiers chapitres)<\/li>\n<li>King Kong Th\u00e9orie, Virginie Despentes, 2006, Grasset<\/li>\n<li>Mat\u00e9rialismes trans, collectif, Hyst\u00e9riques et Associ\u00e9Es, 2021<\/li>\n<\/ul>\n<p>\u00b0romans\/po\u00e9sie:<\/p>\n<ul>\n<li><a href=\"https:\/\/www.dropbox.com\/sh\/o5b8skel26qmekr\/AADMwOgYgQKIPKKSFuIt5cv6a\/Litt%C3%A9rature?dl=0&amp;subfolder_nav_tracking=1\">Les Guerill\u00e8res<\/a>, Monique Wittig, 1969, \u00e9ditions de minuit [<a href=\"https:\/\/radiocanut.org\/emissions\/emissions-speciales\/article\/les-guerilleres-de-monique-wittig\">podcast du livre lu<\/a>, <a href=\"https:\/\/www.youtube.com\/watch?v=nRl4th7om3g\">vid\u00e9o du livre lu<\/a>]<\/li>\n<li><a href=\"https:\/\/valleedeslarmes.noblogs.org\/files\/2023\/08\/Le-Corps-Lesbien-1973-MW.pdf\">Le corps lesbien<\/a>, Monique Wittig, 1973, \u00e9ditions de minuit<\/li>\n<li><a href=\"https:\/\/hysteriquesetassociees.org\/lire-sbb\/\">Stone Butch Blues<\/a>, Leslie Feinberg, Hyst\u00e9riques et Associ\u00e9Es, 2019<\/li>\n<li>\u00ab\u00a0Cr\u00e9puscule du tourment\u00a0\u00bb tome 1, Leonora Miano, Grasset, 2016 <a href=\"https:\/\/www.liseuse-hachette.fr\/?ean=9782246854456\">[extrait]<\/a><\/li>\n<\/ul>\n<p>\u00b0vid\u00e9os:<\/p>\n<ul>\n<li><a href=\"https:\/\/www.youtube.com\/watch?v=cb7zlAkiSGw\">Etre un homme: l&rsquo;homme alpha<\/a>. Les Vid\u00e9os de L\u00e9o. Youtube. 2022. 15min<\/li>\n<\/ul>\n","protected":false},"excerpt":{"rendered":"<p>On propose ici une liste de textes\/vid\u00e9os\/sons qui nous ont marqu\u00e9s en lien avec le genre, la sexualit\u00e9 et\/ou le patriarcat. Pas uniquement des trucs anar. Clique sur les liens pour trouver ces ressources en int\u00e9gralit\u00e9 en ligne. &nbsp; \u00b0brochures\/articles: Le dilemme de Cologne. Quel espace politique pour les femmes racis\u00e9es ?. M\u00e9lusine. 2017 \u00ab\u00a0Le<a class=\"more-link\" href=\"https:\/\/valleedeslarmes.noblogs.org\/?page_id=202\">Continue reading <span class=\"screen-reader-text\">\u00ab\u00a0Genre, sexualit\u00e9, patriarcat\u00a0\u00bb<\/span><\/a><\/p>\n","protected":false},"author":19294,"featured_media":0,"parent":0,"menu_order":0,"comment_status":"closed","ping_status":"closed","template":"","meta":{"footnotes":""},"class_list":["post-202","page","type-page","status-publish","hentry","entry"],"_links":{"self":[{"href":"https:\/\/valleedeslarmes.noblogs.org\/index.php?rest_route=\/wp\/v2\/pages\/202","targetHints":{"allow":["GET"]}}],"collection":[{"href":"https:\/\/valleedeslarmes.noblogs.org\/index.php?rest_route=\/wp\/v2\/pages"}],"about":[{"href":"https:\/\/valleedeslarmes.noblogs.org\/index.php?rest_route=\/wp\/v2\/types\/page"}],"author":[{"embeddable":true,"href":"https:\/\/valleedeslarmes.noblogs.org\/index.php?rest_route=\/wp\/v2\/users\/19294"}],"replies":[{"embeddable":true,"href":"https:\/\/valleedeslarmes.noblogs.org\/index.php?rest_route=%2Fwp%2Fv2%2Fcomments&post=202"}],"version-history":[{"count":23,"href":"https:\/\/valleedeslarmes.noblogs.org\/index.php?rest_route=\/wp\/v2\/pages\/202\/revisions"}],"predecessor-version":[{"id":309,"href":"https:\/\/valleedeslarmes.noblogs.org\/index.php?rest_route=\/wp\/v2\/pages\/202\/revisions\/309"}],"wp:attachment":[{"href":"https:\/\/valleedeslarmes.noblogs.org\/index.php?rest_route=%2Fwp%2Fv2%2Fmedia&parent=202"}],"curies":[{"name":"wp","href":"https:\/\/api.w.org\/{rel}","templated":true}]}}