{"id":169,"date":"2023-08-19T16:44:29","date_gmt":"2023-08-19T14:44:29","guid":{"rendered":"https:\/\/valleedeslarmes.noblogs.org\/?page_id=169"},"modified":"2024-06-21T20:00:32","modified_gmt":"2024-06-21T18:00:32","slug":"race-racisme-colonialisme","status":"publish","type":"page","link":"https:\/\/valleedeslarmes.noblogs.org\/?page_id=169","title":{"rendered":"Race, exil, colonialisme"},"content":{"rendered":"<p>On propose ici une liste de textes\/vid\u00e9os\/sons qui nous ont marqu\u00e9s en lien avec la race, l&rsquo;exil et\/ou le colonialisme. Pas uniquement des trucs anar.<\/p>\n<p>Clique sur les liens pour trouver ces ressources en int\u00e9gralit\u00e9 en ligne.<\/p>\n<p>&nbsp;<\/p>\n<p>\u00b0articles\/brochures:<\/p>\n<ul>\n<li><a href=\"https:\/\/valleedeslarmes.noblogs.org\/files\/2023\/08\/quel-antiracisme-politique-juives-et-juifs-revolutionnaires.pdf\">Quel antiracisme politique?<\/a> juives et juifs r\u00e9volutionnaires, mars 2019<\/li>\n<li><a href=\"https:\/\/infokiosques.net\/spip.php?article1469\">Bouteldja, \u00ab\u00a0une soeur\u00a0\u00bb qui vous veut du bien<\/a>. Lala Mliha, juillet 2017<\/li>\n<li><a href=\"https:\/\/infokiosques.net\/spip.php?article1356\">Bouteldja, ses \u00ab\u00a0soeurs\u00a0\u00bb et nous.<\/a> M\u00e9lusine, juin 2016<\/li>\n<li><a href=\"https:\/\/blogs.mediapart.fr\/malikaamaouchegmailcom\/blog\/210616\/pour-une-approche-materialiste-de-la-question-raciale\">Pour une approche mat\u00e9rialiste de la question raciale,<\/a> Malika Amaouche, Yasmine Kateb, L\u00e9a Nicolas-Teboul. mars 2015<\/li>\n<li><a href=\"https:\/\/infokiosques.net\/spip.php?article1612\">Le dilemme de Cologne, quel espace politique pour les femmes racis\u00e9es<\/a>. M\u00e9lusine, septembre 2017<\/li>\n<li><a href=\"https:\/\/infokiosques.net\/spip.php?article1487\">L&rsquo;appel constant du nationalisme<\/a>. Freddy Perlman. 1984<\/li>\n<li>Antis\u00e9mitisme et pogrom \u00e0 Beyrouth. Freddy Perlman<\/li>\n<li><a href=\"https:\/\/cevennessansfrontieres.noblogs.org\/post\/2017\/09\/08\/qui-aide-qui-en-roya-a-propos-des-campos-et-de-celles-et-ceux-qui-les-desirent\/\">Qui aide qui en Roya? A propos des &lsquo;campos&rsquo; et des celles et ceux qui les d\u00e9sirent<\/a><\/li>\n<li><a href=\"https:\/\/paris-luttes.info\/lettre-a-des-amis-rojavistes-5649\">Lettre \u00e0 des amis \u00ab\u00a0rojavistes\u00a0\u00bb<\/a>, anonyme, mai 2016<\/li>\n<li><a href=\"https:\/\/danslabrume.noblogs.org\/post\/2023\/07\/24\/anti-anti-racialisme\/\">Les anarchistes \u00ab\u00a0anti-woke\u00a0\u00bb et l&rsquo;impasse de l&rsquo;antiracialisme: le cas des fleurs arctiques<\/a>, Papillon2nuit, juillet 2023<\/li>\n<\/ul>\n<p>\u00b0podcast:<\/p>\n<ul>\n<li><a href=\"https:\/\/sortirducapitalisme.fr\/emissions\/repenser-l-antisemitisme-pour-mieux-le-combattre\/\">Repenser antis\u00e9mitisme pour mieux le combattre<\/a>. Sortir du capitalisme l&rsquo;\u00e9mission. juin 2021<\/li>\n<li><a href=\"https:\/\/www.radiorageuses.net\/spip.php?article137\">D\u00e9crypter l&rsquo;homonationalisme<\/a>. On est pas des cadeaux. Radio Canut. septembre 2011.<\/li>\n<li><a href=\"https:\/\/www.cases-rebelles.org\/category\/podcasts\/\">l&rsquo;\u00e9mission de cases rebelles.<\/a><\/li>\n<li><a href=\"https:\/\/podtail.com\/podcast\/jins\/\">le podcast JINS<\/a>.<\/li>\n<\/ul>\n<p>\u00b0films:<\/p>\n<ul>\n<li>Je ne suis pas votre n\u00e8gre, Une histoire de la lutte pour les droits civiques. Raoul Peck. 2017<\/li>\n<li>Une histoire \u00e0 soi. Amandine Gay. 2021<\/li>\n<li>Ouvrir la voix. Amandine Gay. 2017<\/li>\n<li><a href=\"https:\/\/horscine.org\/film\/attieke-all-stars\/\">Atti\u00e9k\u00e9 All Stars<\/a>. Yassine Hubert. 2017<\/li>\n<li><a href=\"https:\/\/www.youtube.com\/watch?v=-vydzIckx2c\">Perdus entre deux rives<\/a>, les Chibanis oubli\u00e9s. <span class=\"yt-core-attributed-string yt-core-attributed-string--white-space-pre-wrap\" role=\"text\"><span class=\"yt-core-attributed-string--link-inherit-color\">Rachid Oudji<\/span><\/span>. 2014<\/li>\n<li><a href=\"https:\/\/horscine.org\/film\/nous-les-domestiques-modernes\/\">Nous, les domestiques modernes<\/a>. Collectif. 2020<\/li>\n<li><a href=\"https:\/\/horscine.org\/film\/lillusion-du-grand-boza\/\">L\u2019illusion du grand Boza<\/a>, Collectif, 2019<\/li>\n<\/ul>\n<p>\u00b0vid\u00e9os:<\/p>\n<ul>\n<li>Sur la cha\u00eene youtube \u00ab\u00a0Politikon\u00a0\u00bb:\n<ul>\n<li><a href=\"https:\/\/www.youtube.com\/watch?v=M61cT12H_1w\">Fanon &#8211; Les damn\u00e9s de la terre &#8211; De Dicto #27<\/a><\/li>\n<li><a href=\"https:\/\/www.youtube.com\/watch?v=0QdRbJbt4HM\">Guillaumin &#8211; L&rsquo;id\u00e9ologie raciste &#8211; De Dicto #20<\/a><\/li>\n<li><a href=\"https:\/\/www.youtube.com\/watch?v=uhphMEBKgx0\">Le fondement racial du contrat social<\/a> (sur un livre de <span class=\"yt-core-attributed-string yt-core-attributed-string--white-space-pre-wrap\"><span class=\"yt-core-attributed-string--link-inherit-color\">Charles W. Mills<\/span><\/span>)<\/li>\n<li><a href=\"https:\/\/www.youtube.com\/watch?v=UL3sF74fO-s\">Anticapitalisme et antis\u00e9mitisme<\/a> (sur un livre de <span class=\"yt-core-attributed-string yt-core-attributed-string--white-space-pre-wrap\"><span class=\"yt-core-attributed-string--link-inherit-color\">Moishe Postone<\/span><\/span>)<\/li>\n<\/ul>\n<\/li>\n<\/ul>\n<p>\u00b0livres:<\/p>\n<ul>\n<li>Une \u00e9cologie d\u00e9coloniale, penser l&rsquo;\u00e9cologie depuis le monde carib\u00e9en. Malcolm Ferdinand. chez Seuil. 2019<a href=\"https:\/\/ref.lamartinieregroupe.com\/media\/9782021388497\/138849_extrait_Extrait_0.pdf\"> [extrait]<\/a><\/li>\n<li>La guerre du Cameroun, l&rsquo;invention de la Fran\u00e7afrique (1948-1971). Tatsitsa, Deltombe, Domergue. La d\u00e9couverte. 2016<a href=\"https:\/\/www.calameo.com\/read\/0002150228c893d64bcaa\"> [extrait]<\/a><\/li>\n<li>L&rsquo;art de perdre. Alice Zeniter. 2017<a href=\"https:\/\/r.cantook.com\/eden\/sample\/aHR0cHM6Ly93d3cuZWRlbmxpdnJlcy5mci9zYW1wbGUvMjc2NDMwL3dlYl9yZWFkZXJfbWFuaWZlc3Q_Zm9ybWF0X25hdHVyZT1wZGY\"> [extrait]<\/a><\/li>\n<li>les romans de Toni Morison<\/li>\n<li>les romans de Leonora Miano<\/li>\n<li>les romans de James Baldwin<\/li>\n<\/ul>\n","protected":false},"excerpt":{"rendered":"<p>On propose ici une liste de textes\/vid\u00e9os\/sons qui nous ont marqu\u00e9s en lien avec la race, l&rsquo;exil et\/ou le colonialisme. Pas uniquement des trucs anar. Clique sur les liens pour trouver ces ressources en int\u00e9gralit\u00e9 en ligne. &nbsp; \u00b0articles\/brochures: Quel antiracisme politique? juives et juifs r\u00e9volutionnaires, mars 2019 Bouteldja, \u00ab\u00a0une soeur\u00a0\u00bb qui vous veut du<a class=\"more-link\" href=\"https:\/\/valleedeslarmes.noblogs.org\/?page_id=169\">Continue reading <span class=\"screen-reader-text\">\u00ab\u00a0Race, exil, colonialisme\u00a0\u00bb<\/span><\/a><\/p>\n","protected":false},"author":19288,"featured_media":0,"parent":0,"menu_order":0,"comment_status":"closed","ping_status":"closed","template":"","meta":{"footnotes":""},"class_list":["post-169","page","type-page","status-publish","hentry","entry"],"_links":{"self":[{"href":"https:\/\/valleedeslarmes.noblogs.org\/index.php?rest_route=\/wp\/v2\/pages\/169","targetHints":{"allow":["GET"]}}],"collection":[{"href":"https:\/\/valleedeslarmes.noblogs.org\/index.php?rest_route=\/wp\/v2\/pages"}],"about":[{"href":"https:\/\/valleedeslarmes.noblogs.org\/index.php?rest_route=\/wp\/v2\/types\/page"}],"author":[{"embeddable":true,"href":"https:\/\/valleedeslarmes.noblogs.org\/index.php?rest_route=\/wp\/v2\/users\/19288"}],"replies":[{"embeddable":true,"href":"https:\/\/valleedeslarmes.noblogs.org\/index.php?rest_route=%2Fwp%2Fv2%2Fcomments&post=169"}],"version-history":[{"count":28,"href":"https:\/\/valleedeslarmes.noblogs.org\/index.php?rest_route=\/wp\/v2\/pages\/169\/revisions"}],"predecessor-version":[{"id":488,"href":"https:\/\/valleedeslarmes.noblogs.org\/index.php?rest_route=\/wp\/v2\/pages\/169\/revisions\/488"}],"wp:attachment":[{"href":"https:\/\/valleedeslarmes.noblogs.org\/index.php?rest_route=%2Fwp%2Fv2%2Fmedia&parent=169"}],"curies":[{"name":"wp","href":"https:\/\/api.w.org\/{rel}","templated":true}]}}