{"id":146,"date":"2023-08-11T18:36:28","date_gmt":"2023-08-11T16:36:28","guid":{"rendered":"https:\/\/valleedeslarmes.noblogs.org\/?page_id=146"},"modified":"2023-09-10T16:40:37","modified_gmt":"2023-09-10T14:40:37","slug":"police-justice-prison","status":"publish","type":"page","link":"https:\/\/valleedeslarmes.noblogs.org\/?page_id=146","title":{"rendered":"Police, justice, prison"},"content":{"rendered":"<p>\u00b0articles\/brochures:<\/p>\n<ul>\n<li><a href=\"http:\/\/trounoir.org\/?Femmes-trans-en-prison-cheval-de-Troie-des-mouvements-anti-genre\">Femmes trans en prison, le cheval de troie des mouvements anti-genre<\/a>. Quentin Markarian. mars 2023. Traduit pour la revue Trou Noir.<\/li>\n<li><a href=\"https:\/\/valleedeslarmes.noblogs.org\/files\/2023\/08\/Tu-me-fais-violence-jack-halberstam.pdf\">\u00ab\u00a0Tu me fais violence!\u00a0\u00bb, la rh\u00e9torique n\u00e9olib\u00e9rale de la blessure, du danger et du traumatisme<\/a>. Jack Halberstam. 2014. traduit en 2015 pour la revue Vacarme.<\/li>\n<li>\u00ab\u00a0<a href=\"http:\/\/haren.luttespaysannes.be\/IMG\/pdf\/justiceantiautoritaire-web.pdf\">Ce qu\u2019on fait de la justice en milieu anti-autoritaire, pistes et r\u00e9flexion<\/a>\u00ab\u00a0, anonyme, 2004<\/li>\n<li>[ENG] <a href=\"https:\/\/untorellipress.noblogs.org\/post\/2014\/01\/24\/queer-fire-the-george-jackson-brigade-men-against-sexism-and-gay-struggle-against-prison\/\">The George Jackson Brigade, Men Against Sexism, and Gay Struggle Against Prison<\/a>, brochure \u00e9crite et audio.<\/li>\n<li><a href=\"https:\/\/infokiosques.net\/spip.php?article984\">La Croix-Rouge collabore aux expulsions<\/a>, 2012<\/li>\n<li><a href=\"https:\/\/infokiosques.net\/spip.php?auteur287\">En lutte contre les cra. volumes 1 et 2<\/a>. A bas les CRA. 2019 et 2020.<\/li>\n<li><a href=\"https:\/\/tarage.noblogs.org\/autodefense-et-securite-elsa-dorlin\/\">Autod\u00e9fense et s\u00e9curit\u00e9<\/a>. Elsa Dorlin. 2017 (extrait du livre \u00ab\u00a0Se d\u00e9fendre\u00a0\u00bb)<\/li>\n<li>\u00ab\u00a0<a href=\"https:\/\/trrransgrrrls.wordpress.com\/2021\/08\/12\/faire-communaute-gestion-des-conflits-et-des-agressions-dans-les-milieux-queer\/\">Faire communaut\u00e9 ? Gestion des conflits et des agressions dans les milieux queer<\/a>\u00ab\u00a0.\u00a0 deux articles de Kai Cheng Thom.<\/li>\n<\/ul>\n<p>&nbsp;<\/p>\n<p>\u00b0films:<\/p>\n<ul>\n<li><a href=\"https:\/\/www.youtube.com\/watch?v=zrHcc_rPacE\">A nos corps d\u00e9fendants<\/a>. IanB. 2019. diffus\u00e9 en ligne.<\/li>\n<li><a href=\"https:\/\/horscine.org\/film\/enfermes-vivants\/\">Enferm\u00e9s vivants<\/a>. F\u00e9lix Gonzalez-Debats. 2012<\/li>\n<\/ul>\n<p>\u00b0podcast:<\/p>\n<ul>\n<li><a href=\"https:\/\/carapatage.noblogs.org\/\">Carapatage, contre toutes les cages<\/a>, \u00e9mission de radio sur Radio Libertaire, Paris\n<ul>\n<li>Carapatage #33 : Les instituts du Bon-Pasteur (18.05.22)<\/li>\n<\/ul>\n<\/li>\n<li><a href=\"https:\/\/blogs.radiocanut.org\/onestpasdescadeaux\/2017\/01\/03\/le-neoliberalisme-cest-trigger\/\">Le n\u00e9olib\u00e9ralisme c&rsquo;est trigger<\/a>, On est pas des cadeaux, janvier 2017, \u00e9mission sur radio Canut, Lyon<\/li>\n<li><a href=\"https:\/\/rapdocsonores.org\/\">Rock against Police, des lascars s&rsquo;organisent. S\u00e9rie de 6 documentaires sonores.<\/a><\/li>\n<\/ul>\n<p>\u00b0collectifs \/ sites internet:<\/p>\n<ul>\n<li><a href=\"https:\/\/desarmons.net\/\">Desarmons-les<\/a><\/li>\n<li><a href=\"https:\/\/lenvolee.net\/\">L&rsquo;envol\u00e9e<\/a> (journal, podcast, actualit\u00e9s)<\/li>\n<li><a href=\"https:\/\/anarchistburecross.noblogs.org\/\">Anarchist Black Cross Meuse<\/a><\/li>\n<li><a href=\"https:\/\/lasellette.org\/category\/audio\/\">La Sellette, chroniques de la violence judiciaire <\/a>(podcast, t\u00e9moignages et articles)<\/li>\n<\/ul>\n<p>\u00b0vid\u00e9os:<\/p>\n<ul>\n<li>[ENG] \u00ab\u00a0<a href=\"https:\/\/www.youtube.com\/watch?v=OjMPJVmXxV8\">L&rsquo;annulation, le <em>cancelling<\/em><\/a>\u00ab\u00a0, CONTRAPOINTS, publi\u00e9 sur Youtube, 120 minutes, 2 janvier 2020, (anglais sous-titr\u00e9 fran\u00e7ais)<\/li>\n<li><a href=\"https:\/\/www.youtube.com\/watch?v=Vk0ndxKfujE\">La violence des hommes: le co\u00fbt du f\u00e9minisme bourgeois<\/a>. Les vid\u00e9os de L\u00e9o. 35 minutes. 8 septembre 2023.<\/li>\n<\/ul>\n<p>\u00b0livres:<\/p>\n<ul>\n<li class=\"prod-sous-titre\"><a href=\"https:\/\/niet-editions.fr\/catalogue\/un-peu-de-bon-sens\/\">Un peu de bon sens, que diable: Notes sur l\u2019enfermement sensoriel.<\/a> La Br\u00e8che. 2022. niet!\u00e9ditions.<\/li>\n<li><a href=\"https:\/\/editions-b42.com\/produit\/le-conflit-nest-pas-une-agression\/\">Le conflit n&rsquo;est pas une agression.<\/a> Sarah Schulman. 2021. editions b42<\/li>\n<li>Incognito, exp\u00e9riences qui d\u00e9fient l&rsquo;identification, chez <a href=\"http:\/\/mutineseditions.free.fr\/\">Mutine s\u00e9ditions<\/a><\/li>\n<li><a href=\"http:\/\/leseditionsduboutdelaville.com\/index.php?id_product=15&amp;controller=product\">Je ne pensais pas prendre du ferme, des gilets jaunes face \u00e0 la violence judiciaire.<\/a> 11 r\u00e9cits. \u00e9ditions du bout de la ville<\/li>\n<li><a href=\"http:\/\/leseditionsduboutdelaville.com\/index.php?id_product=22&amp;controller=product\">Sur la sellette, chroniques de comparutions imm\u00e9diates<\/a>. Jonathan Delisles, Marie Laigle. \u00e9ditions du bout de la ville (voir le <a href=\"https:\/\/lasellette.org\/category\/audio\/\">site du collectif La Sellette<\/a>)<\/li>\n<li>L&rsquo;universit\u00e9 de Rebibbia, Goliarda Sapienza<\/li>\n<li>les romans d&rsquo;Albertine Sarazzin, La Cavale et l&rsquo;Astragale<\/li>\n<li>les romans de Abdel-Hafed Benotman<\/li>\n<li>La catacombe de Molussie, G\u00fcnther Anders<\/li>\n<li>Une journ\u00e9e d&rsquo;Ivan Denissovitch, Alexandre Soljenitsyne<\/li>\n<li><a href=\"https:\/\/jugurtha.noblogs.org\/files\/2018\/05\/ce_que_tout_revolutionnaire_doit_savoir_de_la_repression.pdf\">Ce que tout r\u00e9volutionnaire doit savoir de la r\u00e9pression.<\/a> Victor Serge. 1925<\/li>\n<\/ul>\n","protected":false},"excerpt":{"rendered":"<p>\u00b0articles\/brochures: Femmes trans en prison, le cheval de troie des mouvements anti-genre. Quentin Markarian. mars 2023. Traduit pour la revue Trou Noir. \u00ab\u00a0Tu me fais violence!\u00a0\u00bb, la rh\u00e9torique n\u00e9olib\u00e9rale de la blessure, du danger et du traumatisme. Jack Halberstam. 2014. traduit en 2015 pour la revue Vacarme. \u00ab\u00a0Ce qu\u2019on fait de la justice en milieu<a class=\"more-link\" href=\"https:\/\/valleedeslarmes.noblogs.org\/?page_id=146\">Continue reading <span class=\"screen-reader-text\">\u00ab\u00a0Police, justice, prison\u00a0\u00bb<\/span><\/a><\/p>\n","protected":false},"author":19294,"featured_media":0,"parent":0,"menu_order":0,"comment_status":"closed","ping_status":"closed","template":"","meta":{"footnotes":""},"class_list":["post-146","page","type-page","status-publish","hentry","entry"],"_links":{"self":[{"href":"https:\/\/valleedeslarmes.noblogs.org\/index.php?rest_route=\/wp\/v2\/pages\/146","targetHints":{"allow":["GET"]}}],"collection":[{"href":"https:\/\/valleedeslarmes.noblogs.org\/index.php?rest_route=\/wp\/v2\/pages"}],"about":[{"href":"https:\/\/valleedeslarmes.noblogs.org\/index.php?rest_route=\/wp\/v2\/types\/page"}],"author":[{"embeddable":true,"href":"https:\/\/valleedeslarmes.noblogs.org\/index.php?rest_route=\/wp\/v2\/users\/19294"}],"replies":[{"embeddable":true,"href":"https:\/\/valleedeslarmes.noblogs.org\/index.php?rest_route=%2Fwp%2Fv2%2Fcomments&post=146"}],"version-history":[{"count":21,"href":"https:\/\/valleedeslarmes.noblogs.org\/index.php?rest_route=\/wp\/v2\/pages\/146\/revisions"}],"predecessor-version":[{"id":310,"href":"https:\/\/valleedeslarmes.noblogs.org\/index.php?rest_route=\/wp\/v2\/pages\/146\/revisions\/310"}],"wp:attachment":[{"href":"https:\/\/valleedeslarmes.noblogs.org\/index.php?rest_route=%2Fwp%2Fv2%2Fmedia&parent=146"}],"curies":[{"name":"wp","href":"https:\/\/api.w.org\/{rel}","templated":true}]}}