{"id":125,"date":"2023-08-11T03:57:19","date_gmt":"2023-08-11T01:57:19","guid":{"rendered":"https:\/\/valleedeslarmes.noblogs.org\/?page_id=125"},"modified":"2025-01-31T17:07:51","modified_gmt":"2025-01-31T16:07:51","slug":"qui-sommes-nous","status":"publish","type":"page","link":"https:\/\/valleedeslarmes.noblogs.org\/?page_id=125","title":{"rendered":"Qui sommes-nous?"},"content":{"rendered":"<p>On \u00e9crit ce blog \u00e0 quatre mains. On brasse des r\u00e9flexion dans notre coin depuis un moment, on les partage \u00e0 d&rsquo;autres souvent, on les \u00e9crit de temps en temps, on les publie (r\u00e9guli\u00e8rement pour TaL, rarement pour \u00e9pervier) &#8230; On ne tra\u00eene pas sur les r\u00e9seaux sociaux. Le seul truc qu\u2019on ait jamais tenu c\u2019\u00e9tait des blogs. Ca donne un indice sur notre \u00e2ge, on est de la g\u00e9n\u00e9ration Y. On est plut\u00f4t du genre \u00e0 diffuser des trucs anonymement, pour se pr\u00e9munir de renseigner les flics, mais surtout par habitude.<\/p>\n<p>Par ce blog on souhaiterait gagner une confiance en ce qu\u2019on \u00e9crit. Apprendre \u00e0 \u00e9crire des trucs compliqu\u00e9s. Apprendre \u00e0 ordonner nos pens\u00e9es, \u00e0 structurer une analyse personnelle. Tester nos id\u00e9es par \u00e9crit pour voir si elles se tiennent. Proposer des id\u00e9es comme elles nous viennent. Sans attendre de les trouver hyper coh\u00e9rentes avec nos pens\u00e9es politiques. Pour sortir les id\u00e9es de nos t\u00eates. Pour les confronter au monde. Sortir de nos bulles \u00e9troites.<\/p>\n<p>On ne parlera pas ici \u00ab\u00a0en tant qu&rsquo;anarchiste\u00a0\u00bb. Ce sont nos id\u00e9es, la fa\u00e7on qu&rsquo;on a d&rsquo;envisager le monde, qui nous font de nous des anarchistes. On tient \u00e0 sortir des sentiers battus, \u00e0 ne pas nous cantonner \u00e0 une analyse superficielle, conforme \u00e0 la pens\u00e9e anarchiste de notre entourage. On remet souvent en cause nos propres id\u00e9es. C&rsquo;est ce qui fait qu&rsquo;on est aujourd&rsquo;hui bien loin de l\u00e0 o\u00f9 on \u00e9tait il y a dix ans. Ca fait une dizaine d&rsquo;ann\u00e9e qu&rsquo;on est anar, et autant de temps que nos id\u00e9es \u00e9voluent. Au fil de nos lecture, de nos rencontres, de nos exp\u00e9riences. On souhaiterait rompre avec une certaine culture de l\u2019anonymat, qui voudrait qu\u2019on se montre comme des pages vierges, sans pass\u00e9 ni vie intime. Parce que notre \u00e9volution politique n&rsquo;est pas un tabou pour nous. Nous n&rsquo;avons pas honte de ce que nous avons \u00e9t\u00e9.<\/p>\n<p>On \u00e9crira ici:<\/p>\n<ul>\n<li>des critique de livre, <a href=\"https:\/\/valleedeslarmes.noblogs.org\/?cat=3\">les Chroniques<\/a><\/li>\n<li>des billets sur des sujets qui nous tiennent \u00e0 coeur, <a href=\"https:\/\/valleedeslarmes.noblogs.org\/?cat=50\">les Billets<\/a>.<\/li>\n<li>des conseils de livres, films, podcast, brochures sur des th\u00e8mes diff\u00e9rents, les Ressources.<\/li>\n<li>et on sortira des vieux textes du grenier, <a href=\"https:\/\/valleedeslarmes.noblogs.org\/?cat=33\">les Vestiges<\/a><\/li>\n<\/ul>\n<p>Il y a de moyen de nous contacter en \u00e9crivant un commentaire d&rsquo;article (ils sont mod\u00e9r\u00e9s, donc on le publiera pas si c&rsquo;est des messages personnels).<\/p>\n<p>Bonne lecture!<\/p>\n<p>\u00e9pervier et TaL<\/p>\n<p>&nbsp;<\/p>\n","protected":false},"excerpt":{"rendered":"<p>On \u00e9crit ce blog \u00e0 quatre mains. On brasse des r\u00e9flexion dans notre coin depuis un moment, on les partage \u00e0 d&rsquo;autres souvent, on les \u00e9crit de temps en temps, on les publie (r\u00e9guli\u00e8rement pour TaL, rarement pour \u00e9pervier) &#8230; On ne tra\u00eene pas sur les r\u00e9seaux sociaux. Le seul truc qu\u2019on ait jamais tenu<a class=\"more-link\" href=\"https:\/\/valleedeslarmes.noblogs.org\/?page_id=125\">Continue reading <span class=\"screen-reader-text\">\u00ab\u00a0Qui sommes-nous?\u00a0\u00bb<\/span><\/a><\/p>\n","protected":false},"author":19288,"featured_media":0,"parent":0,"menu_order":0,"comment_status":"closed","ping_status":"closed","template":"","meta":{"footnotes":""},"class_list":["post-125","page","type-page","status-publish","hentry","entry"],"_links":{"self":[{"href":"https:\/\/valleedeslarmes.noblogs.org\/index.php?rest_route=\/wp\/v2\/pages\/125","targetHints":{"allow":["GET"]}}],"collection":[{"href":"https:\/\/valleedeslarmes.noblogs.org\/index.php?rest_route=\/wp\/v2\/pages"}],"about":[{"href":"https:\/\/valleedeslarmes.noblogs.org\/index.php?rest_route=\/wp\/v2\/types\/page"}],"author":[{"embeddable":true,"href":"https:\/\/valleedeslarmes.noblogs.org\/index.php?rest_route=\/wp\/v2\/users\/19288"}],"replies":[{"embeddable":true,"href":"https:\/\/valleedeslarmes.noblogs.org\/index.php?rest_route=%2Fwp%2Fv2%2Fcomments&post=125"}],"version-history":[{"count":14,"href":"https:\/\/valleedeslarmes.noblogs.org\/index.php?rest_route=\/wp\/v2\/pages\/125\/revisions"}],"predecessor-version":[{"id":625,"href":"https:\/\/valleedeslarmes.noblogs.org\/index.php?rest_route=\/wp\/v2\/pages\/125\/revisions\/625"}],"wp:attachment":[{"href":"https:\/\/valleedeslarmes.noblogs.org\/index.php?rest_route=%2Fwp%2Fv2%2Fmedia&parent=125"}],"curies":[{"name":"wp","href":"https:\/\/api.w.org\/{rel}","templated":true}]}}